{"id":117,"date":"2018-01-30T17:32:17","date_gmt":"2018-01-30T17:32:17","guid":{"rendered":"https:\/\/nuevaweb.cpiticm.es\/?page_id=117"},"modified":"2018-01-30T21:54:30","modified_gmt":"2018-01-30T21:54:30","slug":"servicios-de-peritajes","status":"publish","type":"page","link":"https:\/\/www.cpiticm.es\/index.php\/servicios-de-peritajes\/","title":{"rendered":"Servicios de Peritajes"},"content":{"rendered":"<p>La Sociedad de la Informaci\u00f3n y las tecnolog\u00edas que la sustentan, pueden hacer posible que las empresas o profesionales se vean involucrados en litigios relacionados con la implantaci\u00f3n o uso de las tecnolog\u00edas inform\u00e1ticas.<\/p>\n<p>Esas empresas, o profesionales afectados, suelen carecer de recursos tecnol\u00f3gicos, humanos o t\u00e9cnicos para aclarar y resolver esas situaciones, que muchas veces acaban en los juzgados.<\/p>\n<p>Adem\u00e1s, es conveniente la independencia y la adecuada titulaci\u00f3n de la persona o personas que desarrollen ese trabajo, con objeto de garantizar, ante un juez, la m\u00e1xima transparencia, competencia y eficacia posible.<\/p>\n<p><b><i>\u201cUn peritaje en inform\u00e1tica debe ser realizado por un Ingeniero en Inform\u00e1tica el cual garantiza el conocimiento suficiente en la materia\u201d<\/i><\/b><\/p>\n<p>El perito <b>debe ser un profesional colegiado<\/b>, lo cual garantiza que posee la <b>titulaci\u00f3n universitaria oficial necesaria<\/b>, que conoce y acepta el <b>c\u00f3digo deontol\u00f3gico de la profesi\u00f3n<\/b> y que est\u00e1 sometido al <b>control del colegio y a la disciplina colegial<\/b>.<\/p>\n<p>Es importante destacar que, a diferencia de una asociaci\u00f3n, un colegio es una <b>corporaci\u00f3n de derecho p\u00fablico<\/b> creada por Ley y sometida a la legislaci\u00f3n de r\u00e9gimen jur\u00eddico y procedimiento administrativo com\u00fan de las Administraciones P\u00fablicas.<\/p>\n<p>El Colegio dispone de una lista de peritos Ingenieros y M\u00e1ster en Inform\u00e1tica con formaci\u00f3n espec\u00edfica y experiencia en peritajes en inform\u00e1tica.<\/p>\n<p>El <b>servicio\u00a0Peritajes\u00a0\u00a0en Inform\u00e1tica<\/b>, le resolver\u00e1 los posibles litigios relacionados con el uso de las tecnolog\u00edas inform\u00e1ticas.<\/p>\n<p><b><i>\u201cUn correcto dictamen pericial puede ser decisivo en la resoluci\u00f3n de un pleito\u201d<\/i><\/b><\/p>\n<p>Para solicitar un servicio de peritajes se puede poner en contacto con la secretear\u00eda del Colegio mediante correo electr\u00f3nico.<\/p>\n","protected":false},"excerpt":{"rendered":"<p>La Sociedad de la Informaci\u00f3n y las tecnolog\u00edas que la sustentan, pueden hacer posible que las empresas o profesionales se vean involucrados en litigios relacionados con la implantaci\u00f3n o uso de las tecnolog\u00edas inform\u00e1ticas. Esas empresas, o profesionales afectados, suelen carecer de recursos tecnol\u00f3gicos, humanos o t\u00e9cnicos para aclarar y resolver esas situaciones, que muchas &hellip; <\/p>\n<p class=\"link-more\"><a href=\"https:\/\/www.cpiticm.es\/index.php\/servicios-de-peritajes\/\" class=\"more-link\">Continuar leyendo<span class=\"screen-reader-text\"> \u00abServicios de Peritajes\u00bb<\/span><\/a><\/p>\n","protected":false},"author":1,"featured_media":0,"parent":0,"menu_order":0,"comment_status":"closed","ping_status":"closed","template":"","meta":{"footnotes":""},"class_list":["post-117","page","type-page","status-publish","hentry"],"_links":{"self":[{"href":"https:\/\/www.cpiticm.es\/index.php\/wp-json\/wp\/v2\/pages\/117"}],"collection":[{"href":"https:\/\/www.cpiticm.es\/index.php\/wp-json\/wp\/v2\/pages"}],"about":[{"href":"https:\/\/www.cpiticm.es\/index.php\/wp-json\/wp\/v2\/types\/page"}],"author":[{"embeddable":true,"href":"https:\/\/www.cpiticm.es\/index.php\/wp-json\/wp\/v2\/users\/1"}],"replies":[{"embeddable":true,"href":"https:\/\/www.cpiticm.es\/index.php\/wp-json\/wp\/v2\/comments?post=117"}],"version-history":[{"count":3,"href":"https:\/\/www.cpiticm.es\/index.php\/wp-json\/wp\/v2\/pages\/117\/revisions"}],"predecessor-version":[{"id":149,"href":"https:\/\/www.cpiticm.es\/index.php\/wp-json\/wp\/v2\/pages\/117\/revisions\/149"}],"wp:attachment":[{"href":"https:\/\/www.cpiticm.es\/index.php\/wp-json\/wp\/v2\/media?parent=117"}],"curies":[{"name":"wp","href":"https:\/\/api.w.org\/{rel}","templated":true}]}}