{"id":132,"date":"2018-01-30T20:52:11","date_gmt":"2018-01-30T20:52:11","guid":{"rendered":"https:\/\/nuevaweb.cpiticm.es\/?page_id=132"},"modified":"2023-02-26T11:34:21","modified_gmt":"2023-02-26T11:34:21","slug":"consulta-ciudadana","status":"publish","type":"page","link":"https:\/\/www.cpiticm.es\/index.php\/consulta-ciudadana\/","title":{"rendered":"Consulta Ciudadana"},"content":{"rendered":"<p>Los ciudadanos rellenar\u00e1n el siguiente <a href=\"https:\/\/www.cpiticm.es\/wp-content\/uploads\/2023\/02\/CPITICM-consulta-ciudadana_CPITICM_.pdf\">formulario<\/a>\u00a0que enviar\u00e1n por correo electr\u00f3nico a la secretar\u00eda, u otro medio que consideren a la secretar\u00eda del colegio<\/p>\n","protected":false},"excerpt":{"rendered":"<p>Los ciudadanos rellenar\u00e1n el siguiente formulario\u00a0que enviar\u00e1n por correo electr\u00f3nico a la secretar\u00eda, u otro medio que consideren a la secretar\u00eda del colegio<\/p>\n","protected":false},"author":1,"featured_media":0,"parent":0,"menu_order":0,"comment_status":"closed","ping_status":"closed","template":"","meta":{"footnotes":""},"class_list":["post-132","page","type-page","status-publish","hentry"],"_links":{"self":[{"href":"https:\/\/www.cpiticm.es\/index.php\/wp-json\/wp\/v2\/pages\/132"}],"collection":[{"href":"https:\/\/www.cpiticm.es\/index.php\/wp-json\/wp\/v2\/pages"}],"about":[{"href":"https:\/\/www.cpiticm.es\/index.php\/wp-json\/wp\/v2\/types\/page"}],"author":[{"embeddable":true,"href":"https:\/\/www.cpiticm.es\/index.php\/wp-json\/wp\/v2\/users\/1"}],"replies":[{"embeddable":true,"href":"https:\/\/www.cpiticm.es\/index.php\/wp-json\/wp\/v2\/comments?post=132"}],"version-history":[{"count":6,"href":"https:\/\/www.cpiticm.es\/index.php\/wp-json\/wp\/v2\/pages\/132\/revisions"}],"predecessor-version":[{"id":847,"href":"https:\/\/www.cpiticm.es\/index.php\/wp-json\/wp\/v2\/pages\/132\/revisions\/847"}],"wp:attachment":[{"href":"https:\/\/www.cpiticm.es\/index.php\/wp-json\/wp\/v2\/media?parent=132"}],"curies":[{"name":"wp","href":"https:\/\/api.w.org\/{rel}","templated":true}]}}