{"id":158,"date":"2018-02-02T23:26:55","date_gmt":"2018-02-02T23:26:55","guid":{"rendered":"https:\/\/www.cpiticm.es\/?page_id=158"},"modified":"2023-03-17T20:47:01","modified_gmt":"2023-03-17T20:47:01","slug":"estatutos","status":"publish","type":"page","link":"https:\/\/www.cpiticm.es\/index.php\/estatutos\/","title":{"rendered":"Estatutos"},"content":{"rendered":"<p>Los Estatutos del Colegio Profesional de Ingenieros T\u00e9cnicos en Inform\u00e1tica de la Comunidad de Madrid fueron publicados el s\u00e1bado 19 de febrero de 2013 en el Bolet\u00edn Oficial de la Comunidad de Madrid.<\/p>\n<p>Descarga local: <a href=\"https:\/\/www.cpiticm.es\/wp-content\/uploads\/2023\/03\/BOCM-20220722-28.pdf\">Estatutos CPITICM<\/a><\/p>\n","protected":false},"excerpt":{"rendered":"<p>Los Estatutos del Colegio Profesional de Ingenieros T\u00e9cnicos en Inform\u00e1tica de la Comunidad de Madrid fueron publicados el s\u00e1bado 19 de febrero de 2013 en el Bolet\u00edn Oficial de la Comunidad de Madrid. Descarga local: Estatutos CPITICM<\/p>\n","protected":false},"author":1,"featured_media":0,"parent":0,"menu_order":0,"comment_status":"closed","ping_status":"closed","template":"","meta":{"footnotes":""},"class_list":["post-158","page","type-page","status-publish","hentry"],"_links":{"self":[{"href":"https:\/\/www.cpiticm.es\/index.php\/wp-json\/wp\/v2\/pages\/158"}],"collection":[{"href":"https:\/\/www.cpiticm.es\/index.php\/wp-json\/wp\/v2\/pages"}],"about":[{"href":"https:\/\/www.cpiticm.es\/index.php\/wp-json\/wp\/v2\/types\/page"}],"author":[{"embeddable":true,"href":"https:\/\/www.cpiticm.es\/index.php\/wp-json\/wp\/v2\/users\/1"}],"replies":[{"embeddable":true,"href":"https:\/\/www.cpiticm.es\/index.php\/wp-json\/wp\/v2\/comments?post=158"}],"version-history":[{"count":10,"href":"https:\/\/www.cpiticm.es\/index.php\/wp-json\/wp\/v2\/pages\/158\/revisions"}],"predecessor-version":[{"id":853,"href":"https:\/\/www.cpiticm.es\/index.php\/wp-json\/wp\/v2\/pages\/158\/revisions\/853"}],"wp:attachment":[{"href":"https:\/\/www.cpiticm.es\/index.php\/wp-json\/wp\/v2\/media?parent=158"}],"curies":[{"name":"wp","href":"https:\/\/api.w.org\/{rel}","templated":true}]}}