{"id":185,"date":"2018-02-03T11:54:57","date_gmt":"2018-02-03T11:54:57","guid":{"rendered":"https:\/\/www.cpiticm.es\/?page_id=185"},"modified":"2018-02-04T19:54:30","modified_gmt":"2018-02-04T19:54:30","slug":"convenio-aenor","status":"publish","type":"page","link":"https:\/\/www.cpiticm.es\/index.php\/convenio-aenor\/","title":{"rendered":"Convenio AENOR para CPITICM"},"content":{"rendered":"<p><img loading=\"lazy\" decoding=\"async\" class=\" wp-image-232 aligncenter\" src=\"https:\/\/www.cpiticm.es\/wp-content\/uploads\/2018\/02\/Aenor.png\" alt=\"\" width=\"358\" height=\"68\" \/><\/p>\n<p><span style=\"font-size: 1rem;\">\u00da<\/span><span class=\"A0\" style=\"font-size: 1rem;\">ltimas versiones de las normas con las siguientes ventajas:<\/span><\/p>\n<p style=\"padding-left: 30px;\"><span class=\"A0\" style=\"font-size: 1rem;\"><span style=\"font-family: 'AENOR Fontana ND Titulares'; font-size: 11pt;\">\u2022 <\/span><\/span><span class=\"A0\" style=\"font-size: 1rem;\">Colecciones AENORm\u00e1s o \u201ca la carta\u201d.<\/span><\/p>\n<p style=\"padding-left: 30px;\"><span class=\"A0\" style=\"font-size: 1rem;\"><span style=\"font-family: 'AENOR Fontana ND Titulares'; font-size: 11pt;\">\u2022 <\/span><\/span><span class=\"A0\" style=\"font-size: 1rem;\">Actualizaci\u00f3n autom\u00e1tica.<\/span><\/p>\n<p style=\"padding-left: 30px;\"><span class=\"A0\" style=\"font-size: 1rem;\"><span style=\"font-family: 'AENOR Fontana ND Titulares'; font-size: 11pt;\">\u2022 <\/span><\/span><span class=\"A0\" style=\"font-size: 1rem;\">Tarifa plana anual.<\/span><span style=\"font-size: 1rem;\">\u00a0<\/span><\/p>\n<p><span class=\"A0\" style=\"font-size: 1rem;\">Si lo que necesita conocer es:<\/span><\/p>\n<p style=\"padding-left: 30px;\"><span class=\"A0\" style=\"font-size: 1rem;\"><span style=\"font-family: 'AENOR Fontana ND Titulares'; font-size: 11pt;\">\u2022 <\/span><\/span><span class=\"A0\" style=\"font-size: 1rem;\">\u00bfQu\u00e9 normas y qu\u00e9 legislaci\u00f3n tiene que aplicar a sus productos y servicios?<\/span><\/p>\n<p style=\"padding-left: 30px;\"><span class=\"A0\" style=\"font-size: 1rem;\"><span style=\"font-family: 'AENOR Fontana ND Titulares'; font-size: 11pt;\">\u2022 <\/span><\/span><span class=\"A0\" style=\"font-size: 1rem;\">\u00bfC\u00f3mo ha de interpretar el contenido de las normas?<\/span><\/p>\n<p style=\"padding-left: 30px;\"><span class=\"A0\" style=\"font-size: 1rem;\"><span style=\"font-family: 'AENOR Fontana ND Titulares'; font-size: 11pt;\">\u2022 <\/span><\/span><span class=\"A0\" style=\"font-size: 1rem;\">\u00bfTiene que llevar su producto el Marcado CE?<\/span><\/p>\n<p><span class=\"A0\" style=\"font-size: 1rem;\">Los <\/span><span class=\"A0\" style=\"font-size: 1rem;\">informes t\u00e9cnicos <\/span><span class=\"A0\" style=\"font-size: 1rem;\">del\u00a0<\/span><span class=\"A0\" style=\"font-size: 1rem;\">Servicio de Asesor\u00eda sobre Normas T\u00e9cnicas y Legislaci\u00f3n (SAT) le proporcionar\u00e1n las respuestas a todo tipo de consultas sobre <\/span><span class=\"A0\" style=\"font-size: 1rem;\">normas y legislaci\u00f3n <\/span><span class=\"A0\" style=\"font-size: 1rem;\">relacionada.<\/span><span style=\"font-size: 1rem;\">Normas t\u00e9cnicas nacionales e internacionales que necesite: UNE, ISO, IEC, CEN, CENELEC, AFNOR, BSI, DIN, ASTM, ASME, SAE, etc.<\/span><\/p>\n<p><span style=\"font-size: 1rem;\">Libros t\u00e9cnicos y gu\u00edas pr\u00e1cticas m\u00e1s novedosos sobre calidad, medio ambiente, TIC, eficiencia energ\u00e9tica y mucho m\u00e1s. Disponibles en soporte impreso y digital.<\/span><span style=\"font-size: 1rem;\">DESCUENTOS\u00a0 COLEGIADOS CPIICM.\u00a0 PIDE EL FORMULARIO Y LAS CONDICIONES EN SECRETARIA<\/span><\/p>\n","protected":false},"excerpt":{"rendered":"<p>\u00daltimas versiones de las normas con las siguientes ventajas: \u2022 Colecciones AENORm\u00e1s o \u201ca la carta\u201d. \u2022 Actualizaci\u00f3n autom\u00e1tica. \u2022 Tarifa plana anual.\u00a0 Si lo que necesita conocer es: \u2022 \u00bfQu\u00e9 normas y qu\u00e9 legislaci\u00f3n tiene que aplicar a sus productos y servicios? \u2022 \u00bfC\u00f3mo ha de interpretar el contenido de las normas? \u2022 \u00bfTiene &hellip; <\/p>\n<p class=\"link-more\"><a href=\"https:\/\/www.cpiticm.es\/index.php\/convenio-aenor\/\" class=\"more-link\">Continuar leyendo<span class=\"screen-reader-text\"> \u00abConvenio AENOR para CPITICM\u00bb<\/span><\/a><\/p>\n","protected":false},"author":1,"featured_media":0,"parent":0,"menu_order":0,"comment_status":"closed","ping_status":"closed","template":"","meta":{"footnotes":""},"class_list":["post-185","page","type-page","status-publish","hentry"],"_links":{"self":[{"href":"https:\/\/www.cpiticm.es\/index.php\/wp-json\/wp\/v2\/pages\/185"}],"collection":[{"href":"https:\/\/www.cpiticm.es\/index.php\/wp-json\/wp\/v2\/pages"}],"about":[{"href":"https:\/\/www.cpiticm.es\/index.php\/wp-json\/wp\/v2\/types\/page"}],"author":[{"embeddable":true,"href":"https:\/\/www.cpiticm.es\/index.php\/wp-json\/wp\/v2\/users\/1"}],"replies":[{"embeddable":true,"href":"https:\/\/www.cpiticm.es\/index.php\/wp-json\/wp\/v2\/comments?post=185"}],"version-history":[{"count":4,"href":"https:\/\/www.cpiticm.es\/index.php\/wp-json\/wp\/v2\/pages\/185\/revisions"}],"predecessor-version":[{"id":231,"href":"https:\/\/www.cpiticm.es\/index.php\/wp-json\/wp\/v2\/pages\/185\/revisions\/231"}],"wp:attachment":[{"href":"https:\/\/www.cpiticm.es\/index.php\/wp-json\/wp\/v2\/media?parent=185"}],"curies":[{"name":"wp","href":"https:\/\/api.w.org\/{rel}","templated":true}]}}