{"id":214,"date":"2018-02-03T17:07:16","date_gmt":"2018-02-03T17:07:16","guid":{"rendered":"https:\/\/www.cpiticm.es\/?page_id=214"},"modified":"2018-02-12T18:23:01","modified_gmt":"2018-02-12T18:23:01","slug":"certificado-eqf","status":"publish","type":"page","link":"https:\/\/www.cpiticm.es\/index.php\/certificado-eqf\/","title":{"rendered":"Certificado EQF"},"content":{"rendered":"<p>Si necesitas trabajar fuera de Espa\u00f1a no te olvides de solicitar al Estado Espa\u00f1ol, seg\u00fan el procedimiento que se describe en el documento adjunto, tu certificado EQF. En la pr\u00e1ctica este certificado viene a ser como \u00a0un pasaporte internacional para desempe\u00f1ar el puesto de trabajo de Ingeniero T\u00e9cnico.<\/p>\n<p><strong><a href=\"https:\/\/www.cpiticm.es\/wp-content\/uploads\/2018\/02\/Solicitud_certificado_MECES_electronico-y-papel.pdf\" target=\"_blank\" rel=\"noopener\" data-slimstat=\"3\">Procedimiento de solicitud de certificado EQF<\/a><\/strong><\/p>\n<p><a href=\"https:\/\/www.cpiticm.es\/wp-content\/uploads\/2018\/02\/Solicitud_certificado_MECES_electronico-y-papel.pdf\"><strong>Correspondencia entre T\u00edtulos Universitarios Oficiales (\u2018pre-Bolonia\u2019) y niveles MECES<\/strong><\/a><\/p>\n<p>&nbsp;<\/p>\n","protected":false},"excerpt":{"rendered":"<p>Si necesitas trabajar fuera de Espa\u00f1a no te olvides de solicitar al Estado Espa\u00f1ol, seg\u00fan el procedimiento que se describe en el documento adjunto, tu certificado EQF. En la pr\u00e1ctica este certificado viene a ser como \u00a0un pasaporte internacional para desempe\u00f1ar el puesto de trabajo de Ingeniero T\u00e9cnico. Procedimiento de solicitud de certificado EQF Correspondencia &hellip; <\/p>\n<p class=\"link-more\"><a href=\"https:\/\/www.cpiticm.es\/index.php\/certificado-eqf\/\" class=\"more-link\">Continuar leyendo<span class=\"screen-reader-text\"> \u00abCertificado EQF\u00bb<\/span><\/a><\/p>\n","protected":false},"author":1,"featured_media":0,"parent":0,"menu_order":0,"comment_status":"closed","ping_status":"closed","template":"","meta":{"footnotes":""},"class_list":["post-214","page","type-page","status-publish","hentry"],"_links":{"self":[{"href":"https:\/\/www.cpiticm.es\/index.php\/wp-json\/wp\/v2\/pages\/214"}],"collection":[{"href":"https:\/\/www.cpiticm.es\/index.php\/wp-json\/wp\/v2\/pages"}],"about":[{"href":"https:\/\/www.cpiticm.es\/index.php\/wp-json\/wp\/v2\/types\/page"}],"author":[{"embeddable":true,"href":"https:\/\/www.cpiticm.es\/index.php\/wp-json\/wp\/v2\/users\/1"}],"replies":[{"embeddable":true,"href":"https:\/\/www.cpiticm.es\/index.php\/wp-json\/wp\/v2\/comments?post=214"}],"version-history":[{"count":5,"href":"https:\/\/www.cpiticm.es\/index.php\/wp-json\/wp\/v2\/pages\/214\/revisions"}],"predecessor-version":[{"id":303,"href":"https:\/\/www.cpiticm.es\/index.php\/wp-json\/wp\/v2\/pages\/214\/revisions\/303"}],"wp:attachment":[{"href":"https:\/\/www.cpiticm.es\/index.php\/wp-json\/wp\/v2\/media?parent=214"}],"curies":[{"name":"wp","href":"https:\/\/api.w.org\/{rel}","templated":true}]}}