{"id":222,"date":"2018-02-03T17:33:52","date_gmt":"2018-02-03T17:33:52","guid":{"rendered":"https:\/\/www.cpiticm.es\/?page_id=222"},"modified":"2018-03-14T12:35:55","modified_gmt":"2018-03-14T12:35:55","slug":"normativa-de-proyectos-en-ingenieria-en-informatica","status":"publish","type":"page","link":"https:\/\/www.cpiticm.es\/index.php\/normativa-de-proyectos-en-ingenieria-en-informatica\/","title":{"rendered":"Normativa de proyectos en Ingenier\u00eda en Inform\u00e1tica"},"content":{"rendered":"<p>Esta Normativa tiene como referencia la <a href=\"http:\/\/www.aenor.es\/aenor\/normas\/normas\/fichanorma.asp?codigo=N0039577&amp;tipo=N#.VF5weWe8EYI\" target=\"_blank\" rel=\"noopener noreferrer\" data-slimstat=\"5\">norma de\u00a0 AENOR UNE 157801<\/a>: \u201cCriterios generales para la elaboraci\u00f3n de proyectos de sistemas de informaci\u00f3n\u201d.<\/p>\n<p>Dicha norma UNE 157801, tiene como referencia la\u00a0 normativa general que propone la <a href=\"http:\/\/www.aenor.es\/aenor\/normas\/normas\/fichanorma.asp?tipo=N&amp;codigo=N0052985#.WBjv4vnhCCh\" target=\"_blank\" rel=\"noopener noreferrer\" data-slimstat=\"5\">norma UNE 157001<\/a>: \u201cCriterios generales para la elaboraci\u00f3n formal de los documentos que constituyen un proyecto t\u00e9cnico\u201d.<\/p>\n<h2>\u00bfQu\u00e9 aporta la normativa?<\/h2>\n<ul>\n<li>Garantiza que el autor del proyecto es competente y est\u00e1 acreditado para firmar el trabajo<\/li>\n<li>Una revisi\u00f3n formal del proyecto, verificando si dispone de todos los documentos<\/li>\n<li>El cumplimiento con las normas legales que afectan al proyecto<\/li>\n<li>La delimitaci\u00f3n de las responsabilidades de las partes participantes en el mismo, etc.<\/li>\n<\/ul>\n<p>Desde el <strong>CPITICM<\/strong> somos conscientes de la inexistencia de controles adecuados sobre una amplia variedad de trabajos profesionales en inform\u00e1tica requeridos por organizaciones privadas y p\u00fablicas.<\/p>\n<h2>\u00bfPor qu\u00e9 utilizar esta normativa?<\/h2>\n<p>Adem\u00e1s de las aportaciones mencionadas, dicha normativa es de obligado cumplimiento en los proyectos inform\u00e1ticos encargados por organizaciones privadas o p\u00fablicas que, voluntariamente, solicitan tanto el \u201cvisado\u201d del mismo, como la \u201ccomprobaci\u00f3n documental, t\u00e9cnica o sobre el cumplimiento de la normativa aplicable que consideren necesarios relativos a los trabajos profesionales\u201d, por el <strong>CPIICM<\/strong>.<\/p>\n<h2>Documentaci\u00f3n relacionada<\/h2>\n<h2><a href=\"https:\/\/www.cpiticm.es\/wp-content\/uploads\/2018\/02\/CCII-Triptico-Normativa-V2.pdf\" target=\"_blank\" rel=\"noopener\"><img loading=\"lazy\" decoding=\"async\" class=\"alignnone wp-image-381 size-full\" src=\"https:\/\/www.cpiticm.es\/wp-content\/uploads\/2018\/03\/triptico-proy_143x300.jpg\" alt=\"\" width=\"143\" height=\"301\" \/><\/a>\u00a0\u00a0\u00a0\u00a0 <a href=\"https:\/\/www.cpiticm.es\/wp-content\/uploads\/2018\/02\/CCII-N2016-02-Norma-Tecnica-para-la-realizacion-de-la-Documentacion-de-Proyectos-en-Ingenieria-Informatica-V1.0-f.pdf\" target=\"_blank\" rel=\"noopener\"><img loading=\"lazy\" decoding=\"async\" class=\"alignnone wp-image-384 size-full\" src=\"https:\/\/www.cpiticm.es\/wp-content\/uploads\/2018\/03\/Norma-tec-doc-proyectos-Ing-Informatica_200X300.jpg\" alt=\"\" width=\"213\" height=\"300\" \/><\/a>\u00a0\u00a0\u00a0 <a href=\"https:\/\/www.cpiticm.es\/wp-content\/uploads\/2018\/02\/CCII-Preguntas-y-Respuestas-en-los-Proyectos-y-Actuaciones-Profesionales-en-Ingenier\u00eda-Inform\u00e1tica-V1.0.pdf\" target=\"_blank\" rel=\"noopener\"><img loading=\"lazy\" decoding=\"async\" class=\"alignnone wp-image-386 size-full\" src=\"https:\/\/www.cpiticm.es\/wp-content\/uploads\/2018\/03\/FAQs-Proy-y-actuaciones-Ing-Informatica_225x300.jpg\" alt=\"\" width=\"225\" height=\"300\" \/>\u00a0 <\/a><a href=\"https:\/\/www.cpiticm.es\/wp-content\/uploads\/2018\/03\/PM2_Metodolog\u00eda-abierta-de-gesti\u00f3n-de-proyectos-de-la-CE.pdf\" target=\"_blank\" rel=\"noopener\"><img loading=\"lazy\" decoding=\"async\" class=\"alignnone wp-image-387 size-full\" src=\"https:\/\/www.cpiticm.es\/wp-content\/uploads\/2018\/03\/PM2_203x300.jpg\" alt=\"\" width=\"209\" height=\"300\" \/><\/a><\/h2>\n","protected":false},"excerpt":{"rendered":"<p>Esta Normativa tiene como referencia la norma de\u00a0 AENOR UNE 157801: \u201cCriterios generales para la elaboraci\u00f3n de proyectos de sistemas de informaci\u00f3n\u201d. Dicha norma UNE 157801, tiene como referencia la\u00a0 normativa general que propone la norma UNE 157001: \u201cCriterios generales para la elaboraci\u00f3n formal de los documentos que constituyen un proyecto t\u00e9cnico\u201d. \u00bfQu\u00e9 aporta la &hellip; <\/p>\n<p class=\"link-more\"><a href=\"https:\/\/www.cpiticm.es\/index.php\/normativa-de-proyectos-en-ingenieria-en-informatica\/\" class=\"more-link\">Continuar leyendo<span class=\"screen-reader-text\"> \u00abNormativa de proyectos en Ingenier\u00eda en Inform\u00e1tica\u00bb<\/span><\/a><\/p>\n","protected":false},"author":1,"featured_media":0,"parent":0,"menu_order":0,"comment_status":"closed","ping_status":"closed","template":"","meta":{"footnotes":""},"class_list":["post-222","page","type-page","status-publish","hentry"],"_links":{"self":[{"href":"https:\/\/www.cpiticm.es\/index.php\/wp-json\/wp\/v2\/pages\/222"}],"collection":[{"href":"https:\/\/www.cpiticm.es\/index.php\/wp-json\/wp\/v2\/pages"}],"about":[{"href":"https:\/\/www.cpiticm.es\/index.php\/wp-json\/wp\/v2\/types\/page"}],"author":[{"embeddable":true,"href":"https:\/\/www.cpiticm.es\/index.php\/wp-json\/wp\/v2\/users\/1"}],"replies":[{"embeddable":true,"href":"https:\/\/www.cpiticm.es\/index.php\/wp-json\/wp\/v2\/comments?post=222"}],"version-history":[{"count":8,"href":"https:\/\/www.cpiticm.es\/index.php\/wp-json\/wp\/v2\/pages\/222\/revisions"}],"predecessor-version":[{"id":389,"href":"https:\/\/www.cpiticm.es\/index.php\/wp-json\/wp\/v2\/pages\/222\/revisions\/389"}],"wp:attachment":[{"href":"https:\/\/www.cpiticm.es\/index.php\/wp-json\/wp\/v2\/media?parent=222"}],"curies":[{"name":"wp","href":"https:\/\/api.w.org\/{rel}","templated":true}]}}