{"id":366,"date":"2018-03-12T20:32:41","date_gmt":"2018-03-12T20:32:41","guid":{"rendered":"https:\/\/www.cpiticm.es\/?page_id=366"},"modified":"2018-03-12T20:32:41","modified_gmt":"2018-03-12T20:32:41","slug":"servicios-a-estudiantes-de-ingenieria-informatica","status":"publish","type":"page","link":"https:\/\/www.cpiticm.es\/index.php\/servicios-a-estudiantes-de-ingenieria-informatica\/","title":{"rendered":"Servicios a estudiantes de Ingenier\u00eda Inform\u00e1tica"},"content":{"rendered":"<p>Estamos definiendo los servicios m\u00e1s adecuados para t\u00ed si eres estudiante de alguna titulaci\u00f3n en Ingenier\u00eda T\u00e9cnica en Inform\u00e1tica.<\/p>\n<p>Por ello nos ayudar\u00eda mucho que rellenases la siguiente\u00a0<a href=\"https:\/\/docs.google.com\/forms\/d\/e\/1FAIpQLSd3nJ8Gp1tGUPmrqmPAJO_1_ecN2DxFShjRWbvlGMrs_mM8RQ\/viewform?usp=sf_link\" target=\"_blank\" rel=\"noopener\" data-slimstat=\"5\">encuesta<\/a>\u2026<\/p>\n<p><a href=\"https:\/\/docs.google.com\/forms\/d\/e\/1FAIpQLSd3nJ8Gp1tGUPmrqmPAJO_1_ecN2DxFShjRWbvlGMrs_mM8RQ\/viewform?usp=sf_link\"><img loading=\"lazy\" decoding=\"async\" class=\"wp-image-367 alignnone\" src=\"https:\/\/www.cpiticm.es\/wp-content\/uploads\/2018\/03\/encueesta.png\" alt=\"\" width=\"436\" height=\"311\" \/><\/a><\/p>\n","protected":false},"excerpt":{"rendered":"<p>Estamos definiendo los servicios m\u00e1s adecuados para t\u00ed si eres estudiante de alguna titulaci\u00f3n en Ingenier\u00eda T\u00e9cnica en Inform\u00e1tica. Por ello nos ayudar\u00eda mucho que rellenases la siguiente\u00a0encuesta\u2026<\/p>\n","protected":false},"author":1,"featured_media":0,"parent":0,"menu_order":0,"comment_status":"closed","ping_status":"closed","template":"","meta":{"footnotes":""},"class_list":["post-366","page","type-page","status-publish","hentry"],"_links":{"self":[{"href":"https:\/\/www.cpiticm.es\/index.php\/wp-json\/wp\/v2\/pages\/366"}],"collection":[{"href":"https:\/\/www.cpiticm.es\/index.php\/wp-json\/wp\/v2\/pages"}],"about":[{"href":"https:\/\/www.cpiticm.es\/index.php\/wp-json\/wp\/v2\/types\/page"}],"author":[{"embeddable":true,"href":"https:\/\/www.cpiticm.es\/index.php\/wp-json\/wp\/v2\/users\/1"}],"replies":[{"embeddable":true,"href":"https:\/\/www.cpiticm.es\/index.php\/wp-json\/wp\/v2\/comments?post=366"}],"version-history":[{"count":3,"href":"https:\/\/www.cpiticm.es\/index.php\/wp-json\/wp\/v2\/pages\/366\/revisions"}],"predecessor-version":[{"id":370,"href":"https:\/\/www.cpiticm.es\/index.php\/wp-json\/wp\/v2\/pages\/366\/revisions\/370"}],"wp:attachment":[{"href":"https:\/\/www.cpiticm.es\/index.php\/wp-json\/wp\/v2\/media?parent=366"}],"curies":[{"name":"wp","href":"https:\/\/api.w.org\/{rel}","templated":true}]}}