{"id":427,"date":"2018-05-03T18:17:03","date_gmt":"2018-05-03T18:17:03","guid":{"rendered":"https:\/\/www.cpiticm.es\/?page_id=427"},"modified":"2018-05-03T18:23:32","modified_gmt":"2018-05-03T18:23:32","slug":"articulos-e-informes-sobre-peritaje-informatico-e-informatica-forense","status":"publish","type":"page","link":"https:\/\/www.cpiticm.es\/index.php\/articulos-e-informes-sobre-peritaje-informatico-e-informatica-forense\/","title":{"rendered":"Art\u00edculos e Informes sobre Peritaje Inform\u00e1tico e Inform\u00e1tica Forense"},"content":{"rendered":"<h2><span style=\"color: #000000;\">ART\u00cdCULOS SOBRE PERITAJE INFORM\u00c1TICO (varios autores)<\/span><\/h2>\n<h5 class=\"entry-title\"><span style=\"color: #ff6600;\"><strong><a href=\"https:\/\/peritoinformaticocolegiado.es\/blog\/ejemplo-de-sentencia-en-la-que-la-falta-de-titulacion-oficial-informatica-del-perito-informatico-influye-en-el-fallo-contra-la-parte\/\" target=\"_blank\" rel=\"noopener\" data-slimstat=\"5\"><span style=\"color: #ff6600;\">Ejemplo de sentencia en la que la falta de titulaci\u00f3n oficial inform\u00e1tica del perito inform\u00e1tico influye en el fallo contra la parte<\/span><\/a><\/strong><\/span><\/h5>\n","protected":false},"excerpt":{"rendered":"<p>ART\u00cdCULOS SOBRE PERITAJE INFORM\u00c1TICO (varios autores) Ejemplo de sentencia en la que la falta de titulaci\u00f3n oficial inform\u00e1tica del perito inform\u00e1tico influye en el fallo contra la parte<\/p>\n","protected":false},"author":1,"featured_media":0,"parent":0,"menu_order":0,"comment_status":"closed","ping_status":"closed","template":"","meta":{"footnotes":""},"class_list":["post-427","page","type-page","status-publish","hentry"],"_links":{"self":[{"href":"https:\/\/www.cpiticm.es\/index.php\/wp-json\/wp\/v2\/pages\/427"}],"collection":[{"href":"https:\/\/www.cpiticm.es\/index.php\/wp-json\/wp\/v2\/pages"}],"about":[{"href":"https:\/\/www.cpiticm.es\/index.php\/wp-json\/wp\/v2\/types\/page"}],"author":[{"embeddable":true,"href":"https:\/\/www.cpiticm.es\/index.php\/wp-json\/wp\/v2\/users\/1"}],"replies":[{"embeddable":true,"href":"https:\/\/www.cpiticm.es\/index.php\/wp-json\/wp\/v2\/comments?post=427"}],"version-history":[{"count":4,"href":"https:\/\/www.cpiticm.es\/index.php\/wp-json\/wp\/v2\/pages\/427\/revisions"}],"predecessor-version":[{"id":432,"href":"https:\/\/www.cpiticm.es\/index.php\/wp-json\/wp\/v2\/pages\/427\/revisions\/432"}],"wp:attachment":[{"href":"https:\/\/www.cpiticm.es\/index.php\/wp-json\/wp\/v2\/media?parent=427"}],"curies":[{"name":"wp","href":"https:\/\/api.w.org\/{rel}","templated":true}]}}