{"id":505,"date":"2018-12-19T20:39:38","date_gmt":"2018-12-19T20:39:38","guid":{"rendered":"https:\/\/www.cpiticm.es\/?page_id=505"},"modified":"2019-01-07T09:53:38","modified_gmt":"2019-01-07T09:53:38","slug":"sociedades-profesionales","status":"publish","type":"page","link":"https:\/\/www.cpiticm.es\/index.php\/sociedades-profesionales\/","title":{"rendered":"CROW TECHNOLOGIES, SOCIEDAD CIVIL PROFESIONAL [01]"},"content":{"rendered":"<p><a href=\"https:\/\/crowtec.co\/\"><span class=\"il\">CROW<\/span> <span class=\"il\">TECHNOLOGIES<\/span>, SCP<\/a><\/p>\n<p><strong>Fecha y rese\u00f1a de escritura p\u00fablica: <\/strong>10\/08\/16, al n\u00famero 1772 de su protocolo.<\/p>\n<p><strong>Notario:<\/strong> D. Valerio P\u00e9rez de Madrid Carreras.<\/p>\n<p><strong>Duraci\u00f3n de la sociedad:<\/strong> Por tiempo indefinido.<\/p>\n<p><strong>Actividad\/es Profesional\/es que constituyen su Objeto social:<\/strong> Actividad propia del ejercicio de la actividad de Ingenieros T\u00e9cnicos en Inform\u00e1tica.<\/p>\n<p><strong>Socios profesionales:<\/strong><\/p>\n<p>1.- D.\u00aa MERIEM EL YAMRI EL KHATIBI, mayor de edad, de nacionalidad espa\u00f1ola, perteneciente al Colegio Profesional de Ingenieros T\u00e9cnicos en Inform\u00e1tica de la Comunidad de Madrid, con el n\u00famero de colegiada 171.<\/p>\n<p>2.- D. RODRIGO CRESPO CEPEDA, mayor de edad, de nacionalidad espa\u00f1ola, perteneciente al Colegio Profesional de Ingenieros T\u00e9cnicos en Inform\u00e1tica de la Comunidad de Madrid, con el n\u00famero de colegiado 173.<\/p>\n<p>3.- D. JUAN MANUEL CARRERA GARCIA, mayor de edad, de nacionalidad espa\u00f1ola, perteneciente al Colegio Profesional de Ingenieros T\u00e9cnicos en Inform\u00e1tica de la Comunidad de Madrid, con el n\u00famero de colegiado 172.<\/p>\n<p><strong>Socios no profesionales:<\/strong> No existen. <strong><br \/>\n<\/strong><\/p>\n<p><strong>Administraci\u00f3n y representaci\u00f3n:<\/strong> Tres administradores mancomunados, D.\u00aa MERIEM EL YAMRI EL KHATIBI, D. RODRIGO CRESPO CEPEDA y D. JUAN MANUEL CARRERA GARCIA.<\/p>\n<p><a href=\"https:\/\/www.cpiticm.es\/wp-content\/uploads\/2018\/12\/CPITICM-PublicacionWEBColegioSociedadesProfesionales.pdf\">Descargar pdf<\/a><\/p>\n","protected":false},"excerpt":{"rendered":"<p>CROW TECHNOLOGIES, SCP Fecha y rese\u00f1a de escritura p\u00fablica: 10\/08\/16, al n\u00famero 1772 de su protocolo. Notario: D. Valerio P\u00e9rez de Madrid Carreras. Duraci\u00f3n de la sociedad: Por tiempo indefinido. Actividad\/es Profesional\/es que constituyen su Objeto social: Actividad propia del ejercicio de la actividad de Ingenieros T\u00e9cnicos en Inform\u00e1tica. Socios profesionales: 1.- D.\u00aa MERIEM EL &hellip; <\/p>\n<p class=\"link-more\"><a href=\"https:\/\/www.cpiticm.es\/index.php\/sociedades-profesionales\/\" class=\"more-link\">Continuar leyendo<span class=\"screen-reader-text\"> \u00abCROW TECHNOLOGIES, SOCIEDAD CIVIL PROFESIONAL [01]\u00bb<\/span><\/a><\/p>\n","protected":false},"author":1,"featured_media":0,"parent":0,"menu_order":0,"comment_status":"closed","ping_status":"closed","template":"","meta":{"footnotes":""},"class_list":["post-505","page","type-page","status-publish","hentry"],"_links":{"self":[{"href":"https:\/\/www.cpiticm.es\/index.php\/wp-json\/wp\/v2\/pages\/505"}],"collection":[{"href":"https:\/\/www.cpiticm.es\/index.php\/wp-json\/wp\/v2\/pages"}],"about":[{"href":"https:\/\/www.cpiticm.es\/index.php\/wp-json\/wp\/v2\/types\/page"}],"author":[{"embeddable":true,"href":"https:\/\/www.cpiticm.es\/index.php\/wp-json\/wp\/v2\/users\/1"}],"replies":[{"embeddable":true,"href":"https:\/\/www.cpiticm.es\/index.php\/wp-json\/wp\/v2\/comments?post=505"}],"version-history":[{"count":7,"href":"https:\/\/www.cpiticm.es\/index.php\/wp-json\/wp\/v2\/pages\/505\/revisions"}],"predecessor-version":[{"id":530,"href":"https:\/\/www.cpiticm.es\/index.php\/wp-json\/wp\/v2\/pages\/505\/revisions\/530"}],"wp:attachment":[{"href":"https:\/\/www.cpiticm.es\/index.php\/wp-json\/wp\/v2\/media?parent=505"}],"curies":[{"name":"wp","href":"https:\/\/api.w.org\/{rel}","templated":true}]}}