{"id":72,"date":"2018-01-08T11:42:20","date_gmt":"2018-01-08T11:42:20","guid":{"rendered":"https:\/\/nuevaweb.cpiticm.es\/?page_id=72"},"modified":"2022-12-14T11:19:20","modified_gmt":"2022-12-14T11:19:20","slug":"ventanilla-unica","status":"publish","type":"page","link":"https:\/\/www.cpiticm.es\/index.php\/ventanilla-unica\/","title":{"rendered":"Solicitud de colegiaci\u00f3n (individual)"},"content":{"rendered":"<h2><\/h2>\n<h2>Requisitos<\/h2>\n<ul>\n<li>Estar en posesi\u00f3n del Titulo Universitarios seg\u00fan estatutos vigentes<\/li>\n<li>Desarrollar el ejercicio profesional o tener su domicilio en la Comunidad de<br \/>\nMadrid<\/li>\n<li>Solicitar por escrito la colegiaci\u00f3n mediante el formulario normalizado, y<br \/>\ncumplir todos y cada uno de los requisitos especificados en los estatutos<br \/>\nvigentes<\/li>\n<li>Satisfacer las cuotas que para este fin haya establecido el Colegio Profesional<\/li>\n<li>Fotograf\u00eda<\/li>\n<\/ul>\n<h2>Procedimiento<\/h2>\n<p>(enlace <a href=\"https:\/\/www.cpiticm.es\/wp-content\/uploads\/2018\/01\/P01-Colegiacion-v1.0-171111.pdf\" target=\"blank\" rel=\"noopener\">procedimiento de colegiaci\u00f3n<\/a>)<\/p>\n<ol>\n<li>Entrega de la documentaci\u00f3n en la secretar\u00eda del colegio:\n<ol>\n<li><strong>Acreditaci\u00f3n fehaciente de la Identidad mediante documento Oficial en vigor:<\/strong>\n<ol>\n<li>Fotocopia del Documento Nacional de Identidad en vigor.<\/li>\n<li>Pasaporte<\/li>\n<li>Carn\u00e9 de conducir<\/li>\n<\/ol>\n<\/li>\n<li><strong>Acreditaci\u00f3n fehaciente de estar en posesi\u00f3n de la Titulaci\u00f3n mediante<\/strong>\n<ol>\n<li>Copia compulsada del t\u00edtulo correspondiente<\/li>\n<li>Copia compulsada del pago de las tasas de su solicitud de expedici\u00f3n.<\/li>\n<li>Fotocopia y original de la titulaci\u00f3n para su cotejo en la propia secretar\u00eda.<\/li>\n<li>Permiso de acceso al RUCT-Registro de Universidades, Centros y T\u00edtulos, para su comprobaci\u00f3n.<\/li>\n<\/ol>\n<\/li>\n<li><strong>Acreditaci\u00f3n de tener domicilio, trabajar o realizar servicios profesionales en la Comunidad de Madrid<\/strong>\n<ol>\n<li>Mediante certificado del Padr\u00f3n correspondiente<\/li>\n<li>Certificado de la Empresa<\/li>\n<li>Censo de Aut\u00f3nomos.<\/li>\n<\/ol>\n<\/li>\n<li><strong>Formulario relleno de solicitud de colegiaci\u00f3n normalizado <\/strong>\n<ol>\n<li><a href=\"https:\/\/www.cpiticm.es\/wp-content\/uploads\/2022\/12\/Formulario-inscripcion-CPTIICM.pdf\" target=\"_blank\" rel=\"noopener\">descargar formulario<\/a>.<\/li>\n<\/ol>\n<\/li>\n<li><strong>Fotograf\u00eda tama\u00f1o carn\u00e9.<\/strong><\/li>\n<li>Todos los documentos podr\u00e1n ser entregados personalmente en la secretar\u00eda del colegio para su compulsa y verificaci\u00f3n, o firmados electr\u00f3nicamente y enviados a la secretar\u00eda del Colegio.<\/li>\n<li>Se podr\u00e1 presentar cualquier otro documento, que ser\u00e1 recepcionado, teniendo que ser acreditado por la Secretar\u00eda del Colegio y ratificado por la Junta de Gobierno para su validez.<\/li>\n<\/ol>\n<\/li>\n<li><span style=\"font-size: 1rem;\">Revisados y validados todos los documentos, se enviar\u00e1 documento de recepci\u00f3n, en donde constar\u00e1 si todo es correcto, o no y las causas.<\/span>\n<ol>\n<li>Si todo es correcto, se pasar\u00e1 al cobro la cuota correspondiente, y \u00a0quedar\u00e1 colegiado provisionalmente hasta que la Junta de Gobierno ratifique la colegiaci\u00f3n, pasando a ser definitiva,<\/li>\n<li>Si no es correcto se archivar\u00e1 en colegiaciones pendientes, quedando a la espera de la subsanaci\u00f3n de defectos<\/li>\n<\/ol>\n<\/li>\n<li>Asignaci\u00f3n de n\u00famero de colegiado, env\u00edo de una carta de bienvenida y env\u00edo del carn\u00e9 de colegiado<\/li>\n<\/ol>\n<p style=\"text-align: center;\">(<a href=\"https:\/\/www.cpiticm.es\/wp-content\/uploads\/2022\/12\/Formulario-inscripcion-CPTIICM.pdf\" target=\"_blank\" rel=\"noopener\">descargar formulario de colegiaci\u00f3n CPITICM<\/a>)<\/p>\n","protected":false},"excerpt":{"rendered":"<p>Requisitos Estar en posesi\u00f3n del Titulo Universitarios seg\u00fan estatutos vigentes Desarrollar el ejercicio profesional o tener su domicilio en la Comunidad de Madrid Solicitar por escrito la colegiaci\u00f3n mediante el formulario normalizado, y cumplir todos y cada uno de los requisitos especificados en los estatutos vigentes Satisfacer las cuotas que para este fin haya establecido &hellip; <\/p>\n<p class=\"link-more\"><a href=\"https:\/\/www.cpiticm.es\/index.php\/ventanilla-unica\/\" class=\"more-link\">Continuar leyendo<span class=\"screen-reader-text\"> \u00abSolicitud de colegiaci\u00f3n (individual)\u00bb<\/span><\/a><\/p>\n","protected":false},"author":1,"featured_media":0,"parent":0,"menu_order":0,"comment_status":"closed","ping_status":"closed","template":"","meta":{"footnotes":""},"class_list":["post-72","page","type-page","status-publish","hentry"],"_links":{"self":[{"href":"https:\/\/www.cpiticm.es\/index.php\/wp-json\/wp\/v2\/pages\/72"}],"collection":[{"href":"https:\/\/www.cpiticm.es\/index.php\/wp-json\/wp\/v2\/pages"}],"about":[{"href":"https:\/\/www.cpiticm.es\/index.php\/wp-json\/wp\/v2\/types\/page"}],"author":[{"embeddable":true,"href":"https:\/\/www.cpiticm.es\/index.php\/wp-json\/wp\/v2\/users\/1"}],"replies":[{"embeddable":true,"href":"https:\/\/www.cpiticm.es\/index.php\/wp-json\/wp\/v2\/comments?post=72"}],"version-history":[{"count":23,"href":"https:\/\/www.cpiticm.es\/index.php\/wp-json\/wp\/v2\/pages\/72\/revisions"}],"predecessor-version":[{"id":842,"href":"https:\/\/www.cpiticm.es\/index.php\/wp-json\/wp\/v2\/pages\/72\/revisions\/842"}],"wp:attachment":[{"href":"https:\/\/www.cpiticm.es\/index.php\/wp-json\/wp\/v2\/media?parent=72"}],"curies":[{"name":"wp","href":"https:\/\/api.w.org\/{rel}","templated":true}]}}