{"id":8,"date":"2017-11-10T09:47:27","date_gmt":"2017-11-10T09:47:27","guid":{"rendered":"https:\/\/nuevaweb.cpiticm.es\/?page_id=8"},"modified":"2018-02-02T23:30:35","modified_gmt":"2018-02-02T23:30:35","slug":"acerca-de","status":"publish","type":"page","link":"https:\/\/www.cpiticm.es\/index.php\/acerca-de\/","title":{"rendered":"El Colegio"},"content":{"rendered":"<p>Bienvenido al Colegio Profesional de Ingenieros T\u00e9cnicos en Inform\u00e1tica de la Comunidad de Madrid.<\/p>\n<p>El CPITICM se cre\u00f3 por medio de la ley 7\/2010 del 25 de Octubre, y su Asamblea Constituyente se produjo en la EUI-UPM (Escuela Universitaria de Inform\u00e1tica de la Universidad Polit\u00e9cnica de Madrid) el Jueves 5 de mayo de 2011.<\/p>\n","protected":false},"excerpt":{"rendered":"<p>Bienvenido al Colegio Profesional de Ingenieros T\u00e9cnicos en Inform\u00e1tica de la Comunidad de Madrid. El CPITICM se cre\u00f3 por medio de la ley 7\/2010 del 25 de Octubre, y su Asamblea Constituyente se produjo en la EUI-UPM (Escuela Universitaria de Inform\u00e1tica de la Universidad Polit\u00e9cnica de Madrid) el Jueves 5 de mayo de 2011.<\/p>\n","protected":false},"author":1,"featured_media":0,"parent":0,"menu_order":0,"comment_status":"closed","ping_status":"closed","template":"","meta":{"footnotes":""},"class_list":["post-8","page","type-page","status-publish","hentry"],"_links":{"self":[{"href":"https:\/\/www.cpiticm.es\/index.php\/wp-json\/wp\/v2\/pages\/8"}],"collection":[{"href":"https:\/\/www.cpiticm.es\/index.php\/wp-json\/wp\/v2\/pages"}],"about":[{"href":"https:\/\/www.cpiticm.es\/index.php\/wp-json\/wp\/v2\/types\/page"}],"author":[{"embeddable":true,"href":"https:\/\/www.cpiticm.es\/index.php\/wp-json\/wp\/v2\/users\/1"}],"replies":[{"embeddable":true,"href":"https:\/\/www.cpiticm.es\/index.php\/wp-json\/wp\/v2\/comments?post=8"}],"version-history":[{"count":18,"href":"https:\/\/www.cpiticm.es\/index.php\/wp-json\/wp\/v2\/pages\/8\/revisions"}],"predecessor-version":[{"id":171,"href":"https:\/\/www.cpiticm.es\/index.php\/wp-json\/wp\/v2\/pages\/8\/revisions\/171"}],"wp:attachment":[{"href":"https:\/\/www.cpiticm.es\/index.php\/wp-json\/wp\/v2\/media?parent=8"}],"curies":[{"name":"wp","href":"https:\/\/api.w.org\/{rel}","templated":true}]}}